{"id":112821,"date":"2025-12-08T20:30:45","date_gmt":"2025-12-08T23:30:45","guid":{"rendered":"https:\/\/climarosario.com.ar\/tienda\/producto\/bomba-circuladora-peisa-grundfos-cacao-p15-60-sku11179\/"},"modified":"2026-01-27T17:36:04","modified_gmt":"2026-01-27T20:36:04","slug":"bomba-circuladora-peisa-grundfos-cacao-p15-60-sku11179","status":"publish","type":"product","link":"https:\/\/climarosario.com.ar\/tienda\/producto\/bomba-circuladora-peisa-grundfos-cacao-p15-60-sku11179\/","title":{"rendered":"Bomba-Circuladora-Peisa-Grundfos-Cacao-P15-60 sku11179"},"content":{"rendered":"<p>Climatizacion &#8211; Venta de repuestos, calderas y Aires Acondicionados<\/p>\n","protected":false},"excerpt":{"rendered":"<p>Bomba circuladora Grundfos Cacao, para calderas murales y circuitos de calefacci\u00f3n en general. De tipo rotor encapsulado, bomba y motor forman una unidad integrada sin sello mec\u00e1nico y con s\u00f3lo dos juntas para sellado. Los cojinetes est\u00e1n lubricados por el l\u00edquido bombeado. El cuerpo est\u00e1 construido en composite con v\u00e1lvula desaereadora incorporada y tiene conexiones extras ciegas. Conveniente para sistemas de agua caliente y calefacci\u00f3n, refrigeraci\u00f3n y sistemas de aire acondicionado. 1&#8243; BSP. IP44 clasificado. Garantizadas por un a\u00f1o desde la fecha de fabricaci\u00f3n.   Caracter\u00edsticas  3 configuraciones de velocidad 6m M\u00e1x. Carga de salida &#8220;C&#8221; Energ\u00eda nominal 1&#8243; Conexi\u00f3n BSP 15\u00b0C a +110\u00b0C Temp. alcance Caudal volum\u00e9trico Q m\u00e1ximo 3m \u00b3 \/ h Puede ser utilizado para aplicaciones M\u00e1x. 35kW Calificaci\u00f3n IP44       Caracter\u00edsticas destacadas Apta para calderas murales o de apoyo Ideales para el sistemas de calefacci\u00f3n 3 configuraciones de velocidad Calificaci\u00f3n IP44<\/p>\n","protected":false},"featured_media":113735,"comment_status":"open","ping_status":"closed","template":"","meta":{"_acf_changed":false,"site-sidebar-layout":"default","site-content-layout":"","ast-site-content-layout":"default","site-content-style":"default","site-sidebar-style":"default","ast-global-header-display":"","ast-banner-title-visibility":"","ast-main-header-display":"","ast-hfb-above-header-display":"","ast-hfb-below-header-display":"","ast-hfb-mobile-header-display":"","site-post-title":"","ast-breadcrumbs-content":"","ast-featured-img":"","footer-sml-layout":"","ast-disable-related-posts":"","theme-transparent-header-meta":"","adv-header-id-meta":"","stick-header-meta":"","header-above-stick-meta":"","header-main-stick-meta":"","header-below-stick-meta":"","astra-migrate-meta-layouts":"default","ast-page-background-enabled":"default","ast-page-background-meta":{"desktop":{"background-color":"var(--ast-global-color-5)","background-image":"","background-repeat":"repeat","background-position":"center center","background-size":"auto","background-attachment":"scroll","background-type":"","background-media":"","overlay-type":"","overlay-color":"","overlay-opacity":"","overlay-gradient":""},"tablet":{"background-color":"","background-image":"","background-repeat":"repeat","background-position":"center center","background-size":"auto","background-attachment":"scroll","background-type":"","background-media":"","overlay-type":"","overlay-color":"","overlay-opacity":"","overlay-gradient":""},"mobile":{"background-color":"","background-image":"","background-repeat":"repeat","background-position":"center center","background-size":"auto","background-attachment":"scroll","background-type":"","background-media":"","overlay-type":"","overlay-color":"","overlay-opacity":"","overlay-gradient":""}},"ast-content-background-meta":{"desktop":{"background-color":"var(--ast-global-color-4)","background-image":"","background-repeat":"repeat","background-position":"center center","background-size":"auto","background-attachment":"scroll","background-type":"","background-media":"","overlay-type":"","overlay-color":"","overlay-opacity":"","overlay-gradient":""},"tablet":{"background-color":"var(--ast-global-color-4)","background-image":"","background-repeat":"repeat","background-position":"center center","background-size":"auto","background-attachment":"scroll","background-type":"","background-media":"","overlay-type":"","overlay-color":"","overlay-opacity":"","overlay-gradient":""},"mobile":{"background-color":"var(--ast-global-color-4)","background-image":"","background-repeat":"repeat","background-position":"center center","background-size":"auto","background-attachment":"scroll","background-type":"","background-media":"","overlay-type":"","overlay-color":"","overlay-opacity":"","overlay-gradient":""}},"_joinchat":[]},"product_brand":[],"product_cat":[269],"product_tag":[],"class_list":{"0":"post-112821","1":"product","2":"type-product","3":"status-publish","4":"has-post-thumbnail","6":"product_cat-repuestos-calderas","7":"desktop-align-left","8":"tablet-align-left","9":"mobile-align-left","11":"first","12":"instock","13":"taxable","14":"shipping-taxable","15":"purchasable","16":"product-type-simple"},"acf":[],"_links":{"self":[{"href":"https:\/\/climarosario.com.ar\/tienda\/wp-json\/wp\/v2\/product\/112821","targetHints":{"allow":["GET"]}}],"collection":[{"href":"https:\/\/climarosario.com.ar\/tienda\/wp-json\/wp\/v2\/product"}],"about":[{"href":"https:\/\/climarosario.com.ar\/tienda\/wp-json\/wp\/v2\/types\/product"}],"replies":[{"embeddable":true,"href":"https:\/\/climarosario.com.ar\/tienda\/wp-json\/wp\/v2\/comments?post=112821"}],"wp:featuredmedia":[{"embeddable":true,"href":"https:\/\/climarosario.com.ar\/tienda\/wp-json\/wp\/v2\/media\/113735"}],"wp:attachment":[{"href":"https:\/\/climarosario.com.ar\/tienda\/wp-json\/wp\/v2\/media?parent=112821"}],"wp:term":[{"taxonomy":"product_brand","embeddable":true,"href":"https:\/\/climarosario.com.ar\/tienda\/wp-json\/wp\/v2\/product_brand?post=112821"},{"taxonomy":"product_cat","embeddable":true,"href":"https:\/\/climarosario.com.ar\/tienda\/wp-json\/wp\/v2\/product_cat?post=112821"},{"taxonomy":"product_tag","embeddable":true,"href":"https:\/\/climarosario.com.ar\/tienda\/wp-json\/wp\/v2\/product_tag?post=112821"}],"curies":[{"name":"wp","href":"https:\/\/api.w.org\/{rel}","templated":true}]}}