{"id":112827,"date":"2025-12-08T20:30:59","date_gmt":"2025-12-08T23:30:59","guid":{"rendered":"https:\/\/climarosario.com.ar\/tienda\/producto\/ventana-midea-r32-2219-kcal-h-frio-solo-sku11182\/"},"modified":"2026-05-11T10:00:17","modified_gmt":"2026-05-11T13:00:17","slug":"aire-acondicionado-ventana-midea-r32-2219-kcal-h-frio-solo-sku11182","status":"publish","type":"product","link":"https:\/\/climarosario.com.ar\/tienda\/producto\/aire-acondicionado-ventana-midea-r32-2219-kcal-h-frio-solo-sku11182\/","title":{"rendered":"Aire Acondicionado VENTANA MIDEA R32 2219 KCAL\/H FRIO SOLO sku11182"},"content":{"rendered":"<p>Climatizacion &#8211; Venta de repuestos, calderas y Aires Acondicionados<\/p>\n","protected":false},"excerpt":{"rendered":"<p>Acondicionadores de Aire Tipo Ventana R-32 MVF09CFN81F Con su dise\u00f1o compacto y su instalaci\u00f3n simple, este equipo se ajustar\u00e1 a la perfecci\u00f3n a las necesidades de tu espacio. Utiliza gas refrigerante R-32, que no afecta a la capa de ozono, tiene menor potencial de calentamiento global que el R-410A y es m\u00e1s eficiente, lo que se traduce en mayor ahorro de energ\u00eda. Incluye control remoto. Menor impacto ambiental Modo Sleep Auto Swing Funci\u00f3n timer<\/p>\n","protected":false},"featured_media":113740,"comment_status":"open","ping_status":"closed","template":"","meta":{"_acf_changed":false,"site-sidebar-layout":"default","site-content-layout":"","ast-site-content-layout":"default","site-content-style":"default","site-sidebar-style":"default","ast-global-header-display":"","ast-banner-title-visibility":"","ast-main-header-display":"","ast-hfb-above-header-display":"","ast-hfb-below-header-display":"","ast-hfb-mobile-header-display":"","site-post-title":"","ast-breadcrumbs-content":"","ast-featured-img":"","footer-sml-layout":"","ast-disable-related-posts":"","theme-transparent-header-meta":"","adv-header-id-meta":"","stick-header-meta":"","header-above-stick-meta":"","header-main-stick-meta":"","header-below-stick-meta":"","astra-migrate-meta-layouts":"default","ast-page-background-enabled":"default","ast-page-background-meta":{"desktop":{"background-color":"var(--ast-global-color-5)","background-image":"","background-repeat":"repeat","background-position":"center center","background-size":"auto","background-attachment":"scroll","background-type":"","background-media":"","overlay-type":"","overlay-color":"","overlay-opacity":"","overlay-gradient":""},"tablet":{"background-color":"","background-image":"","background-repeat":"repeat","background-position":"center center","background-size":"auto","background-attachment":"scroll","background-type":"","background-media":"","overlay-type":"","overlay-color":"","overlay-opacity":"","overlay-gradient":""},"mobile":{"background-color":"","background-image":"","background-repeat":"repeat","background-position":"center center","background-size":"auto","background-attachment":"scroll","background-type":"","background-media":"","overlay-type":"","overlay-color":"","overlay-opacity":"","overlay-gradient":""}},"ast-content-background-meta":{"desktop":{"background-color":"var(--ast-global-color-4)","background-image":"","background-repeat":"repeat","background-position":"center center","background-size":"auto","background-attachment":"scroll","background-type":"","background-media":"","overlay-type":"","overlay-color":"","overlay-opacity":"","overlay-gradient":""},"tablet":{"background-color":"var(--ast-global-color-4)","background-image":"","background-repeat":"repeat","background-position":"center center","background-size":"auto","background-attachment":"scroll","background-type":"","background-media":"","overlay-type":"","overlay-color":"","overlay-opacity":"","overlay-gradient":""},"mobile":{"background-color":"var(--ast-global-color-4)","background-image":"","background-repeat":"repeat","background-position":"center center","background-size":"auto","background-attachment":"scroll","background-type":"","background-media":"","overlay-type":"","overlay-color":"","overlay-opacity":"","overlay-gradient":""}},"_joinchat":[]},"product_brand":[],"product_cat":[277],"product_tag":[],"class_list":{"0":"post-112827","1":"product","2":"type-product","3":"status-publish","4":"has-post-thumbnail","6":"product_cat-aires-acondicionados","7":"desktop-align-left","8":"tablet-align-left","9":"mobile-align-left","11":"first","12":"instock","13":"taxable","14":"shipping-taxable","15":"purchasable","16":"product-type-simple"},"acf":[],"_links":{"self":[{"href":"https:\/\/climarosario.com.ar\/tienda\/wp-json\/wp\/v2\/product\/112827","targetHints":{"allow":["GET"]}}],"collection":[{"href":"https:\/\/climarosario.com.ar\/tienda\/wp-json\/wp\/v2\/product"}],"about":[{"href":"https:\/\/climarosario.com.ar\/tienda\/wp-json\/wp\/v2\/types\/product"}],"replies":[{"embeddable":true,"href":"https:\/\/climarosario.com.ar\/tienda\/wp-json\/wp\/v2\/comments?post=112827"}],"wp:featuredmedia":[{"embeddable":true,"href":"https:\/\/climarosario.com.ar\/tienda\/wp-json\/wp\/v2\/media\/113740"}],"wp:attachment":[{"href":"https:\/\/climarosario.com.ar\/tienda\/wp-json\/wp\/v2\/media?parent=112827"}],"wp:term":[{"taxonomy":"product_brand","embeddable":true,"href":"https:\/\/climarosario.com.ar\/tienda\/wp-json\/wp\/v2\/product_brand?post=112827"},{"taxonomy":"product_cat","embeddable":true,"href":"https:\/\/climarosario.com.ar\/tienda\/wp-json\/wp\/v2\/product_cat?post=112827"},{"taxonomy":"product_tag","embeddable":true,"href":"https:\/\/climarosario.com.ar\/tienda\/wp-json\/wp\/v2\/product_tag?post=112827"}],"curies":[{"name":"wp","href":"https:\/\/api.w.org\/{rel}","templated":true}]}}